{"id":3259,"date":"2022-05-05T17:09:23","date_gmt":"2022-05-05T15:09:23","guid":{"rendered":"https:\/\/kottabos.it\/prodotto\/ipazia\/"},"modified":"2023-09-14T14:59:53","modified_gmt":"2023-09-14T12:59:53","slug":"ipazia","status":"publish","type":"product","link":"https:\/\/kottabos.it\/es\/prodotto\/ipazia\/","title":{"rendered":"Ipazia"},"content":{"rendered":"<p>Suave, muy agradable y l\u00edmpida en el paladar.<\/p>\n","protected":false},"excerpt":{"rendered":"<p>Al principio es casi dulce pero el amargor persiste, llegando afrutado y c\u00edtrico al final. El amargor del l\u00fapulo se mantiene y crece cada vez m\u00e1s, permaneciendo, muy bien, junto a elegantes sensaciones herb\u00e1ceas y c\u00edtricas.<\/p>\n","protected":false},"featured_media":2929,"template":"","meta":{"_acf_changed":false},"product_brand":[],"product_cat":[239,240],"product_tag":[],"class_list":{"0":"post-3259","1":"product","2":"type-product","3":"status-publish","4":"has-post-thumbnail","6":"product_cat-botellas","7":"product_cat-box-es","9":"first","10":"instock","11":"taxable","12":"shipping-taxable","13":"purchasable","14":"product-type-variable"},"acf":[],"yoast_head":"<!-- This site is optimized with the Yoast SEO plugin v27.4 - https:\/\/yoast.com\/product\/yoast-seo-wordpress\/ -->\n<title>Ipazia - Kottabos<\/title>\n<meta name=\"description\" content=\"Suave, muy agradable y l\u00edmpida en el paladar. Al principio es casi dulce pero el amargor persiste, llegando afrutado y c\u00edtrico al final.\" \/>\n<meta name=\"robots\" content=\"index, follow, max-snippet:-1, max-image-preview:large, max-video-preview:-1\" \/>\n<link rel=\"canonical\" href=\"https:\/\/kottabos.it\/es\/prodotto\/ipazia\/\" \/>\n<meta property=\"og:locale\" content=\"es_ES\" \/>\n<meta property=\"og:type\" content=\"article\" \/>\n<meta property=\"og:title\" content=\"Ipazia - Kottabos\" \/>\n<meta property=\"og:description\" content=\"Suave, muy agradable y l\u00edmpida en el paladar. Al principio es casi dulce pero el amargor persiste, llegando afrutado y c\u00edtrico al final.\" \/>\n<meta property=\"og:url\" content=\"https:\/\/kottabos.it\/es\/prodotto\/ipazia\/\" \/>\n<meta property=\"og:site_name\" content=\"Kottabos\" \/>\n<meta property=\"article:publisher\" content=\"https:\/\/www.facebook.com\/KottabosBirraDiSicilia\" \/>\n<meta property=\"article:modified_time\" content=\"2023-09-14T12:59:53+00:00\" \/>\n<meta property=\"og:image\" content=\"https:\/\/kottabos.it\/wp-content\/uploads\/2022\/05\/Ipazia.jpg\" \/>\n\t<meta property=\"og:image:width\" content=\"1200\" \/>\n\t<meta property=\"og:image:height\" content=\"1200\" \/>\n\t<meta property=\"og:image:type\" content=\"image\/jpeg\" \/>\n<meta name=\"twitter:card\" content=\"summary_large_image\" \/>\n<meta name=\"twitter:site\" content=\"@kottabosBeer\" \/>\n<meta name=\"twitter:label1\" content=\"Tiempo de lectura\" \/>\n\t<meta name=\"twitter:data1\" content=\"1 minuto\" \/>\n<script type=\"application\/ld+json\" class=\"yoast-schema-graph\">{\"@context\":\"https:\\\/\\\/schema.org\",\"@graph\":[{\"@type\":\"WebPage\",\"@id\":\"https:\\\/\\\/kottabos.it\\\/es\\\/prodotto\\\/ipazia\\\/\",\"url\":\"https:\\\/\\\/kottabos.it\\\/es\\\/prodotto\\\/ipazia\\\/\",\"name\":\"Ipazia - Kottabos\",\"isPartOf\":{\"@id\":\"https:\\\/\\\/kottabos.it\\\/es\\\/#website\"},\"primaryImageOfPage\":{\"@id\":\"https:\\\/\\\/kottabos.it\\\/es\\\/prodotto\\\/ipazia\\\/#primaryimage\"},\"image\":{\"@id\":\"https:\\\/\\\/kottabos.it\\\/es\\\/prodotto\\\/ipazia\\\/#primaryimage\"},\"thumbnailUrl\":\"https:\\\/\\\/kottabos.it\\\/wp-content\\\/uploads\\\/2022\\\/05\\\/Ipazia.jpg\",\"datePublished\":\"2022-05-05T15:09:23+00:00\",\"dateModified\":\"2023-09-14T12:59:53+00:00\",\"description\":\"Suave, muy agradable y l\u00edmpida en el paladar. Al principio es casi dulce pero el amargor persiste, llegando afrutado y c\u00edtrico al final.\",\"breadcrumb\":{\"@id\":\"https:\\\/\\\/kottabos.it\\\/es\\\/prodotto\\\/ipazia\\\/#breadcrumb\"},\"inLanguage\":\"es\",\"potentialAction\":[{\"@type\":\"ReadAction\",\"target\":[\"https:\\\/\\\/kottabos.it\\\/es\\\/prodotto\\\/ipazia\\\/\"]}]},{\"@type\":\"ImageObject\",\"inLanguage\":\"es\",\"@id\":\"https:\\\/\\\/kottabos.it\\\/es\\\/prodotto\\\/ipazia\\\/#primaryimage\",\"url\":\"https:\\\/\\\/kottabos.it\\\/wp-content\\\/uploads\\\/2022\\\/05\\\/Ipazia.jpg\",\"contentUrl\":\"https:\\\/\\\/kottabos.it\\\/wp-content\\\/uploads\\\/2022\\\/05\\\/Ipazia.jpg\",\"width\":1200,\"height\":1200},{\"@type\":\"BreadcrumbList\",\"@id\":\"https:\\\/\\\/kottabos.it\\\/es\\\/prodotto\\\/ipazia\\\/#breadcrumb\",\"itemListElement\":[{\"@type\":\"ListItem\",\"position\":1,\"name\":\"Home\",\"item\":\"https:\\\/\\\/kottabos.it\\\/es\\\/\"},{\"@type\":\"ListItem\",\"position\":2,\"name\":\"Tienda\",\"item\":\"https:\\\/\\\/kottabos.it\\\/es\\\/tienda\\\/\"},{\"@type\":\"ListItem\",\"position\":3,\"name\":\"Ipazia\"}]},{\"@type\":\"WebSite\",\"@id\":\"https:\\\/\\\/kottabos.it\\\/es\\\/#website\",\"url\":\"https:\\\/\\\/kottabos.it\\\/es\\\/\",\"name\":\"Kottabos\",\"description\":\"Craft Beer of Sicily\",\"publisher\":{\"@id\":\"https:\\\/\\\/kottabos.it\\\/es\\\/#organization\"},\"potentialAction\":[{\"@type\":\"SearchAction\",\"target\":{\"@type\":\"EntryPoint\",\"urlTemplate\":\"https:\\\/\\\/kottabos.it\\\/es\\\/?s={search_term_string}\"},\"query-input\":{\"@type\":\"PropertyValueSpecification\",\"valueRequired\":true,\"valueName\":\"search_term_string\"}}],\"inLanguage\":\"es\"},{\"@type\":\"Organization\",\"@id\":\"https:\\\/\\\/kottabos.it\\\/es\\\/#organization\",\"name\":\"Kottabos\",\"url\":\"https:\\\/\\\/kottabos.it\\\/es\\\/\",\"logo\":{\"@type\":\"ImageObject\",\"inLanguage\":\"es\",\"@id\":\"https:\\\/\\\/kottabos.it\\\/es\\\/#\\\/schema\\\/logo\\\/image\\\/\",\"url\":\"https:\\\/\\\/kottabos.it\\\/wp-content\\\/uploads\\\/2022\\\/03\\\/logo-bianco-kottabos.png\",\"contentUrl\":\"https:\\\/\\\/kottabos.it\\\/wp-content\\\/uploads\\\/2022\\\/03\\\/logo-bianco-kottabos.png\",\"width\":1139,\"height\":984,\"caption\":\"Kottabos\"},\"image\":{\"@id\":\"https:\\\/\\\/kottabos.it\\\/es\\\/#\\\/schema\\\/logo\\\/image\\\/\"},\"sameAs\":[\"https:\\\/\\\/www.facebook.com\\\/KottabosBirraDiSicilia\",\"https:\\\/\\\/x.com\\\/kottabosBeer\",\"https:\\\/\\\/www.instagram.com\\\/kottabos_sicily\\\/\"]}]}<\/script>\n<!-- \/ Yoast SEO plugin. -->","yoast_head_json":{"title":"Ipazia - Kottabos","description":"Suave, muy agradable y l\u00edmpida en el paladar. Al principio es casi dulce pero el amargor persiste, llegando afrutado y c\u00edtrico al final.","robots":{"index":"index","follow":"follow","max-snippet":"max-snippet:-1","max-image-preview":"max-image-preview:large","max-video-preview":"max-video-preview:-1"},"canonical":"https:\/\/kottabos.it\/es\/prodotto\/ipazia\/","og_locale":"es_ES","og_type":"article","og_title":"Ipazia - Kottabos","og_description":"Suave, muy agradable y l\u00edmpida en el paladar. Al principio es casi dulce pero el amargor persiste, llegando afrutado y c\u00edtrico al final.","og_url":"https:\/\/kottabos.it\/es\/prodotto\/ipazia\/","og_site_name":"Kottabos","article_publisher":"https:\/\/www.facebook.com\/KottabosBirraDiSicilia","article_modified_time":"2023-09-14T12:59:53+00:00","og_image":[{"width":1200,"height":1200,"url":"https:\/\/kottabos.it\/wp-content\/uploads\/2022\/05\/Ipazia.jpg","type":"image\/jpeg"}],"twitter_card":"summary_large_image","twitter_site":"@kottabosBeer","twitter_misc":{"Tiempo de lectura":"1 minuto"},"schema":{"@context":"https:\/\/schema.org","@graph":[{"@type":"WebPage","@id":"https:\/\/kottabos.it\/es\/prodotto\/ipazia\/","url":"https:\/\/kottabos.it\/es\/prodotto\/ipazia\/","name":"Ipazia - Kottabos","isPartOf":{"@id":"https:\/\/kottabos.it\/es\/#website"},"primaryImageOfPage":{"@id":"https:\/\/kottabos.it\/es\/prodotto\/ipazia\/#primaryimage"},"image":{"@id":"https:\/\/kottabos.it\/es\/prodotto\/ipazia\/#primaryimage"},"thumbnailUrl":"https:\/\/kottabos.it\/wp-content\/uploads\/2022\/05\/Ipazia.jpg","datePublished":"2022-05-05T15:09:23+00:00","dateModified":"2023-09-14T12:59:53+00:00","description":"Suave, muy agradable y l\u00edmpida en el paladar. Al principio es casi dulce pero el amargor persiste, llegando afrutado y c\u00edtrico al final.","breadcrumb":{"@id":"https:\/\/kottabos.it\/es\/prodotto\/ipazia\/#breadcrumb"},"inLanguage":"es","potentialAction":[{"@type":"ReadAction","target":["https:\/\/kottabos.it\/es\/prodotto\/ipazia\/"]}]},{"@type":"ImageObject","inLanguage":"es","@id":"https:\/\/kottabos.it\/es\/prodotto\/ipazia\/#primaryimage","url":"https:\/\/kottabos.it\/wp-content\/uploads\/2022\/05\/Ipazia.jpg","contentUrl":"https:\/\/kottabos.it\/wp-content\/uploads\/2022\/05\/Ipazia.jpg","width":1200,"height":1200},{"@type":"BreadcrumbList","@id":"https:\/\/kottabos.it\/es\/prodotto\/ipazia\/#breadcrumb","itemListElement":[{"@type":"ListItem","position":1,"name":"Home","item":"https:\/\/kottabos.it\/es\/"},{"@type":"ListItem","position":2,"name":"Tienda","item":"https:\/\/kottabos.it\/es\/tienda\/"},{"@type":"ListItem","position":3,"name":"Ipazia"}]},{"@type":"WebSite","@id":"https:\/\/kottabos.it\/es\/#website","url":"https:\/\/kottabos.it\/es\/","name":"Kottabos","description":"Craft Beer of Sicily","publisher":{"@id":"https:\/\/kottabos.it\/es\/#organization"},"potentialAction":[{"@type":"SearchAction","target":{"@type":"EntryPoint","urlTemplate":"https:\/\/kottabos.it\/es\/?s={search_term_string}"},"query-input":{"@type":"PropertyValueSpecification","valueRequired":true,"valueName":"search_term_string"}}],"inLanguage":"es"},{"@type":"Organization","@id":"https:\/\/kottabos.it\/es\/#organization","name":"Kottabos","url":"https:\/\/kottabos.it\/es\/","logo":{"@type":"ImageObject","inLanguage":"es","@id":"https:\/\/kottabos.it\/es\/#\/schema\/logo\/image\/","url":"https:\/\/kottabos.it\/wp-content\/uploads\/2022\/03\/logo-bianco-kottabos.png","contentUrl":"https:\/\/kottabos.it\/wp-content\/uploads\/2022\/03\/logo-bianco-kottabos.png","width":1139,"height":984,"caption":"Kottabos"},"image":{"@id":"https:\/\/kottabos.it\/es\/#\/schema\/logo\/image\/"},"sameAs":["https:\/\/www.facebook.com\/KottabosBirraDiSicilia","https:\/\/x.com\/kottabosBeer","https:\/\/www.instagram.com\/kottabos_sicily\/"]}]}},"_links":{"self":[{"href":"https:\/\/kottabos.it\/es\/wp-json\/wp\/v2\/product\/3259","targetHints":{"allow":["GET"]}}],"collection":[{"href":"https:\/\/kottabos.it\/es\/wp-json\/wp\/v2\/product"}],"about":[{"href":"https:\/\/kottabos.it\/es\/wp-json\/wp\/v2\/types\/product"}],"version-history":[{"count":2,"href":"https:\/\/kottabos.it\/es\/wp-json\/wp\/v2\/product\/3259\/revisions"}],"predecessor-version":[{"id":3287,"href":"https:\/\/kottabos.it\/es\/wp-json\/wp\/v2\/product\/3259\/revisions\/3287"}],"wp:featuredmedia":[{"embeddable":true,"href":"https:\/\/kottabos.it\/es\/wp-json\/wp\/v2\/media\/2929"}],"wp:attachment":[{"href":"https:\/\/kottabos.it\/es\/wp-json\/wp\/v2\/media?parent=3259"}],"wp:term":[{"taxonomy":"product_brand","embeddable":true,"href":"https:\/\/kottabos.it\/es\/wp-json\/wp\/v2\/product_brand?post=3259"},{"taxonomy":"product_cat","embeddable":true,"href":"https:\/\/kottabos.it\/es\/wp-json\/wp\/v2\/product_cat?post=3259"},{"taxonomy":"product_tag","embeddable":true,"href":"https:\/\/kottabos.it\/es\/wp-json\/wp\/v2\/product_tag?post=3259"}],"curies":[{"name":"wp","href":"https:\/\/api.w.org\/{rel}","templated":true}]}}