{"id":2853,"date":"2020-02-14T08:49:59","date_gmt":"2020-02-14T07:49:59","guid":{"rendered":"https:\/\/kottabos.it\/?page_id=2853"},"modified":"2023-07-31T11:04:58","modified_gmt":"2023-07-31T09:04:58","slug":"blog","status":"publish","type":"page","link":"https:\/\/kottabos.it\/fr\/blog\/","title":{"rendered":"Blog"},"content":{"rendered":"\t\t<div data-elementor-type=\"wp-page\" data-elementor-id=\"2853\" class=\"elementor elementor-2853 elementor-343\" data-elementor-post-type=\"page\">\n\t\t\t\t\t\t<section data-dce-background-image-url=\"https:\/\/kottabos.it\/wp-content\/uploads\/2022\/04\/background-news.jpg\" class=\"elementor-section elementor-top-section elementor-element elementor-element-511a2bb elementor-section-boxed elementor-section-height-default elementor-section-height-default\" data-id=\"511a2bb\" data-element_type=\"section\" data-e-type=\"section\" data-settings=\"{&quot;jet_parallax_layout_list&quot;:[{&quot;_id&quot;:&quot;652ca13&quot;,&quot;jet_parallax_layout_speed&quot;:{&quot;unit&quot;:&quot;%&quot;,&quot;size&quot;:&quot;50&quot;,&quot;sizes&quot;:[]},&quot;jet_parallax_layout_type&quot;:&quot;none&quot;,&quot;jet_parallax_layout_bg_x&quot;:&quot;50&quot;,&quot;jet_parallax_layout_bg_y&quot;:&quot;80&quot;,&quot;jet_parallax_layout_image&quot;:{&quot;url&quot;:&quot;&quot;,&quot;id&quot;:&quot;&quot;,&quot;size&quot;:&quot;&quot;},&quot;jet_parallax_layout_image_tablet&quot;:{&quot;url&quot;:&quot;&quot;,&quot;id&quot;:&quot;&quot;,&quot;size&quot;:&quot;&quot;},&quot;jet_parallax_layout_image_mobile&quot;:{&quot;url&quot;:&quot;&quot;,&quot;id&quot;:&quot;&quot;,&quot;size&quot;:&quot;&quot;},&quot;jet_parallax_layout_direction&quot;:null,&quot;jet_parallax_layout_fx_direction&quot;:null,&quot;jet_parallax_layout_z_index&quot;:&quot;&quot;,&quot;jet_parallax_layout_bg_x_tablet&quot;:&quot;&quot;,&quot;jet_parallax_layout_bg_x_mobile&quot;:&quot;&quot;,&quot;jet_parallax_layout_bg_y_tablet&quot;:&quot;&quot;,&quot;jet_parallax_layout_bg_y_mobile&quot;:&quot;&quot;,&quot;jet_parallax_layout_bg_size&quot;:&quot;auto&quot;,&quot;jet_parallax_layout_bg_size_tablet&quot;:&quot;&quot;,&quot;jet_parallax_layout_bg_size_mobile&quot;:&quot;&quot;,&quot;jet_parallax_layout_animation_prop&quot;:null,&quot;jet_parallax_layout_on&quot;:[&quot;desktop&quot;,&quot;tablet&quot;]}],&quot;background_background&quot;:&quot;classic&quot;}\">\n\t\t\t\t\t\t\t<div class=\"elementor-background-overlay\"><\/div>\n\t\t\t\t\t\t\t<div class=\"elementor-container elementor-column-gap-default\">\n\t\t\t\t\t<div class=\"elementor-column elementor-col-100 elementor-top-column elementor-element elementor-element-3a14159\" data-id=\"3a14159\" data-element_type=\"column\" data-e-type=\"column\">\n\t\t\t<div class=\"elementor-widget-wrap elementor-element-populated\">\n\t\t\t\t\t\t<div data-dce-title-color=\"#FFFFFF\" class=\"elementor-element elementor-element-11c7c0f elementor-invisible elementor-widget elementor-widget-heading\" data-id=\"11c7c0f\" data-element_type=\"widget\" data-e-type=\"widget\" data-settings=\"{&quot;_animation&quot;:&quot;fadeIn&quot;}\" data-widget_type=\"heading.default\">\n\t\t\t\t<div class=\"elementor-widget-container\">\n\t\t\t\t\t<h1 class=\"elementor-heading-title elementor-size-default\">News &amp; Blog<\/h1>\t\t\t\t<\/div>\n\t\t\t\t<\/div>\n\t\t\t\t\t<\/div>\n\t\t<\/div>\n\t\t\t\t\t<\/div>\n\t\t<\/section>\n\t\t\t\t<section class=\"elementor-section elementor-top-section elementor-element elementor-element-24be32e elementor-section-boxed elementor-section-height-default elementor-section-height-default\" data-id=\"24be32e\" data-element_type=\"section\" data-e-type=\"section\" data-settings=\"{&quot;jet_parallax_layout_list&quot;:[]}\">\n\t\t\t\t\t\t<div class=\"elementor-container elementor-column-gap-default\">\n\t\t\t\t\t<div class=\"elementor-column elementor-col-100 elementor-top-column elementor-element elementor-element-d5cf109\" data-id=\"d5cf109\" data-element_type=\"column\" data-e-type=\"column\">\n\t\t\t<div class=\"elementor-widget-wrap elementor-element-populated\">\n\t\t\t\t\t\t<div class=\"elementor-element elementor-element-3c95529 elementor-widget elementor-widget-heading\" data-id=\"3c95529\" data-element_type=\"widget\" data-e-type=\"widget\" data-widget_type=\"heading.default\">\n\t\t\t\t<div class=\"elementor-widget-container\">\n\t\t\t\t\t<h2 class=\"elementor-heading-title elementor-size-default\">Restez inform\u00e9 sur les derni\u00e8res nouvelles\n<\/h2>\t\t\t\t<\/div>\n\t\t\t\t<\/div>\n\t\t\t\t<div data-dce-text-color=\"#111111\" class=\"elementor-element elementor-element-1002360 elementor-widget elementor-widget-text-editor\" data-id=\"1002360\" data-element_type=\"widget\" data-e-type=\"widget\" data-widget_type=\"text-editor.default\">\n\t\t\t\t<div class=\"elementor-widget-container\">\n\t\t\t\t\t\t\t\t\t<p class=\"p1\">En savoir plus sur nos produits et sur des faits int\u00e9ressants concernant la brasserie Kottabos.<\/p>\t\t\t\t\t\t\t\t<\/div>\n\t\t\t\t<\/div>\n\t\t\t\t\t<\/div>\n\t\t<\/div>\n\t\t\t\t\t<\/div>\n\t\t<\/section>\n\t\t\t\t<\/div>\n\t\t","protected":false},"excerpt":{"rendered":"<p>News &#038; Blog Restez inform\u00e9 sur les derni\u00e8res nouvelles En savoir plus sur nos produits et sur des faits int\u00e9ressants concernant la brasserie Kottabos.<\/p>\n","protected":false},"author":1,"featured_media":0,"parent":0,"menu_order":0,"comment_status":"closed","ping_status":"closed","template":"full-width.php","meta":{"_acf_changed":false,"footnotes":""},"class_list":["post-2853","page","type-page","status-publish","hentry"],"acf":[],"yoast_head":"<!-- This site is optimized with the Yoast SEO plugin v27.4 - https:\/\/yoast.com\/product\/yoast-seo-wordpress\/ -->\n<title>Blog - Kottabos<\/title>\n<meta name=\"robots\" content=\"index, follow, max-snippet:-1, max-image-preview:large, max-video-preview:-1\" \/>\n<link rel=\"canonical\" href=\"https:\/\/kottabos.it\/fr\/blog\/\" \/>\n<meta property=\"og:locale\" content=\"fr_FR\" \/>\n<meta property=\"og:type\" content=\"article\" \/>\n<meta property=\"og:title\" content=\"Blog - Kottabos\" \/>\n<meta property=\"og:description\" content=\"News &#038; Blog Restez inform\u00e9 sur les derni\u00e8res nouvelles En savoir plus sur nos produits et sur des faits int\u00e9ressants concernant la brasserie Kottabos.\" \/>\n<meta property=\"og:url\" content=\"https:\/\/kottabos.it\/fr\/blog\/\" \/>\n<meta property=\"og:site_name\" content=\"Kottabos\" \/>\n<meta property=\"article:publisher\" content=\"https:\/\/www.facebook.com\/KottabosBirraDiSicilia\" \/>\n<meta property=\"article:modified_time\" content=\"2023-07-31T09:04:58+00:00\" \/>\n<meta name=\"twitter:card\" content=\"summary_large_image\" \/>\n<meta name=\"twitter:site\" content=\"@kottabosBeer\" \/>\n<meta name=\"twitter:label1\" content=\"Dur\u00e9e de lecture estim\u00e9e\" \/>\n\t<meta name=\"twitter:data1\" content=\"1 minute\" \/>\n<script type=\"application\/ld+json\" class=\"yoast-schema-graph\">{\"@context\":\"https:\\\/\\\/schema.org\",\"@graph\":[{\"@type\":\"WebPage\",\"@id\":\"https:\\\/\\\/kottabos.it\\\/fr\\\/blog\\\/\",\"url\":\"https:\\\/\\\/kottabos.it\\\/fr\\\/blog\\\/\",\"name\":\"Blog - Kottabos\",\"isPartOf\":{\"@id\":\"https:\\\/\\\/kottabos.it\\\/fr\\\/#website\"},\"datePublished\":\"2020-02-14T07:49:59+00:00\",\"dateModified\":\"2023-07-31T09:04:58+00:00\",\"breadcrumb\":{\"@id\":\"https:\\\/\\\/kottabos.it\\\/fr\\\/blog\\\/#breadcrumb\"},\"inLanguage\":\"fr-FR\",\"potentialAction\":[{\"@type\":\"ReadAction\",\"target\":[\"https:\\\/\\\/kottabos.it\\\/fr\\\/blog\\\/\"]}]},{\"@type\":\"BreadcrumbList\",\"@id\":\"https:\\\/\\\/kottabos.it\\\/fr\\\/blog\\\/#breadcrumb\",\"itemListElement\":[{\"@type\":\"ListItem\",\"position\":1,\"name\":\"Home\",\"item\":\"https:\\\/\\\/kottabos.it\\\/fr\\\/\"},{\"@type\":\"ListItem\",\"position\":2,\"name\":\"Blog\"}]},{\"@type\":\"WebSite\",\"@id\":\"https:\\\/\\\/kottabos.it\\\/fr\\\/#website\",\"url\":\"https:\\\/\\\/kottabos.it\\\/fr\\\/\",\"name\":\"Kottabos\",\"description\":\"Craft Beer of Sicily\",\"publisher\":{\"@id\":\"https:\\\/\\\/kottabos.it\\\/fr\\\/#organization\"},\"potentialAction\":[{\"@type\":\"SearchAction\",\"target\":{\"@type\":\"EntryPoint\",\"urlTemplate\":\"https:\\\/\\\/kottabos.it\\\/fr\\\/?s={search_term_string}\"},\"query-input\":{\"@type\":\"PropertyValueSpecification\",\"valueRequired\":true,\"valueName\":\"search_term_string\"}}],\"inLanguage\":\"fr-FR\"},{\"@type\":\"Organization\",\"@id\":\"https:\\\/\\\/kottabos.it\\\/fr\\\/#organization\",\"name\":\"Kottabos\",\"url\":\"https:\\\/\\\/kottabos.it\\\/fr\\\/\",\"logo\":{\"@type\":\"ImageObject\",\"inLanguage\":\"fr-FR\",\"@id\":\"https:\\\/\\\/kottabos.it\\\/fr\\\/#\\\/schema\\\/logo\\\/image\\\/\",\"url\":\"https:\\\/\\\/kottabos.it\\\/wp-content\\\/uploads\\\/2022\\\/03\\\/logo-bianco-kottabos.png\",\"contentUrl\":\"https:\\\/\\\/kottabos.it\\\/wp-content\\\/uploads\\\/2022\\\/03\\\/logo-bianco-kottabos.png\",\"width\":1139,\"height\":984,\"caption\":\"Kottabos\"},\"image\":{\"@id\":\"https:\\\/\\\/kottabos.it\\\/fr\\\/#\\\/schema\\\/logo\\\/image\\\/\"},\"sameAs\":[\"https:\\\/\\\/www.facebook.com\\\/KottabosBirraDiSicilia\",\"https:\\\/\\\/x.com\\\/kottabosBeer\",\"https:\\\/\\\/www.instagram.com\\\/kottabos_sicily\\\/\"]}]}<\/script>\n<!-- \/ Yoast SEO plugin. -->","yoast_head_json":{"title":"Blog - Kottabos","robots":{"index":"index","follow":"follow","max-snippet":"max-snippet:-1","max-image-preview":"max-image-preview:large","max-video-preview":"max-video-preview:-1"},"canonical":"https:\/\/kottabos.it\/fr\/blog\/","og_locale":"fr_FR","og_type":"article","og_title":"Blog - Kottabos","og_description":"News &#038; Blog Restez inform\u00e9 sur les derni\u00e8res nouvelles En savoir plus sur nos produits et sur des faits int\u00e9ressants concernant la brasserie Kottabos.","og_url":"https:\/\/kottabos.it\/fr\/blog\/","og_site_name":"Kottabos","article_publisher":"https:\/\/www.facebook.com\/KottabosBirraDiSicilia","article_modified_time":"2023-07-31T09:04:58+00:00","twitter_card":"summary_large_image","twitter_site":"@kottabosBeer","twitter_misc":{"Dur\u00e9e de lecture estim\u00e9e":"1 minute"},"schema":{"@context":"https:\/\/schema.org","@graph":[{"@type":"WebPage","@id":"https:\/\/kottabos.it\/fr\/blog\/","url":"https:\/\/kottabos.it\/fr\/blog\/","name":"Blog - Kottabos","isPartOf":{"@id":"https:\/\/kottabos.it\/fr\/#website"},"datePublished":"2020-02-14T07:49:59+00:00","dateModified":"2023-07-31T09:04:58+00:00","breadcrumb":{"@id":"https:\/\/kottabos.it\/fr\/blog\/#breadcrumb"},"inLanguage":"fr-FR","potentialAction":[{"@type":"ReadAction","target":["https:\/\/kottabos.it\/fr\/blog\/"]}]},{"@type":"BreadcrumbList","@id":"https:\/\/kottabos.it\/fr\/blog\/#breadcrumb","itemListElement":[{"@type":"ListItem","position":1,"name":"Home","item":"https:\/\/kottabos.it\/fr\/"},{"@type":"ListItem","position":2,"name":"Blog"}]},{"@type":"WebSite","@id":"https:\/\/kottabos.it\/fr\/#website","url":"https:\/\/kottabos.it\/fr\/","name":"Kottabos","description":"Craft Beer of Sicily","publisher":{"@id":"https:\/\/kottabos.it\/fr\/#organization"},"potentialAction":[{"@type":"SearchAction","target":{"@type":"EntryPoint","urlTemplate":"https:\/\/kottabos.it\/fr\/?s={search_term_string}"},"query-input":{"@type":"PropertyValueSpecification","valueRequired":true,"valueName":"search_term_string"}}],"inLanguage":"fr-FR"},{"@type":"Organization","@id":"https:\/\/kottabos.it\/fr\/#organization","name":"Kottabos","url":"https:\/\/kottabos.it\/fr\/","logo":{"@type":"ImageObject","inLanguage":"fr-FR","@id":"https:\/\/kottabos.it\/fr\/#\/schema\/logo\/image\/","url":"https:\/\/kottabos.it\/wp-content\/uploads\/2022\/03\/logo-bianco-kottabos.png","contentUrl":"https:\/\/kottabos.it\/wp-content\/uploads\/2022\/03\/logo-bianco-kottabos.png","width":1139,"height":984,"caption":"Kottabos"},"image":{"@id":"https:\/\/kottabos.it\/fr\/#\/schema\/logo\/image\/"},"sameAs":["https:\/\/www.facebook.com\/KottabosBirraDiSicilia","https:\/\/x.com\/kottabosBeer","https:\/\/www.instagram.com\/kottabos_sicily\/"]}]}},"_links":{"self":[{"href":"https:\/\/kottabos.it\/fr\/wp-json\/wp\/v2\/pages\/2853","targetHints":{"allow":["GET"]}}],"collection":[{"href":"https:\/\/kottabos.it\/fr\/wp-json\/wp\/v2\/pages"}],"about":[{"href":"https:\/\/kottabos.it\/fr\/wp-json\/wp\/v2\/types\/page"}],"author":[{"embeddable":true,"href":"https:\/\/kottabos.it\/fr\/wp-json\/wp\/v2\/users\/1"}],"replies":[{"embeddable":true,"href":"https:\/\/kottabos.it\/fr\/wp-json\/wp\/v2\/comments?post=2853"}],"version-history":[{"count":4,"href":"https:\/\/kottabos.it\/fr\/wp-json\/wp\/v2\/pages\/2853\/revisions"}],"predecessor-version":[{"id":2858,"href":"https:\/\/kottabos.it\/fr\/wp-json\/wp\/v2\/pages\/2853\/revisions\/2858"}],"wp:attachment":[{"href":"https:\/\/kottabos.it\/fr\/wp-json\/wp\/v2\/media?parent=2853"}],"curies":[{"name":"wp","href":"https:\/\/api.w.org\/{rel}","templated":true}]}}