{"id":3297,"date":"2022-08-29T15:40:33","date_gmt":"2022-08-29T13:40:33","guid":{"rendered":"https:\/\/kottabos.it\/prodotto\/zaira\/"},"modified":"2023-09-15T11:55:37","modified_gmt":"2023-09-15T09:55:37","slug":"zaira","status":"publish","type":"product","link":"https:\/\/kottabos.it\/fr\/prodotto\/zaira\/","title":{"rendered":"Zaira"},"content":{"rendered":"<p>Une bi\u00e8re houblonn\u00e9e de type ALE, fra\u00eeche et de caract\u00e8re.<\/p>\n","protected":false},"excerpt":{"rendered":"<p>Le houblonnage est d&rsquo;une importance consid\u00e9rable, en effet la particularit\u00e9 de ZAIRA est pr\u00e9cis\u00e9ment le bouquet d&rsquo;ar\u00f4mes floraux qui se d\u00e9gagent du verre.<\/p>\n","protected":false},"featured_media":2660,"template":"","meta":{"_acf_changed":false},"product_brand":[],"product_cat":[246,247],"product_tag":[],"class_list":{"0":"post-3297","1":"product","2":"type-product","3":"status-publish","4":"has-post-thumbnail","6":"product_cat-bouteilles","7":"product_cat-box-fr","9":"first","10":"instock","11":"taxable","12":"shipping-taxable","13":"purchasable","14":"product-type-variable"},"acf":[],"yoast_head":"<!-- This site is optimized with the Yoast SEO plugin v27.4 - https:\/\/yoast.com\/product\/yoast-seo-wordpress\/ -->\n<title>Zaira - Kottabos<\/title>\n<meta name=\"description\" content=\"Une bi\u00e8re houblonn\u00e9e de type ALE, fra\u00eeche et de caract\u00e8re. Le houblonnage est d&#039;une importance consid\u00e9rable, en effet la particularit\u00e9 de ZAIRA est pr\u00e9cis\u00e9ment le bouquet d&#039;ar\u00f4mes floraux qui se d\u00e9gagent du verre.\" \/>\n<meta name=\"robots\" content=\"index, follow, max-snippet:-1, max-image-preview:large, max-video-preview:-1\" \/>\n<link rel=\"canonical\" href=\"https:\/\/kottabos.it\/fr\/prodotto\/zaira\/\" \/>\n<meta property=\"og:locale\" content=\"fr_FR\" \/>\n<meta property=\"og:type\" content=\"article\" \/>\n<meta property=\"og:title\" content=\"Zaira - Kottabos\" \/>\n<meta property=\"og:description\" content=\"Une bi\u00e8re houblonn\u00e9e de type ALE, fra\u00eeche et de caract\u00e8re. Le houblonnage est d&#039;une importance consid\u00e9rable, en effet la particularit\u00e9 de ZAIRA est pr\u00e9cis\u00e9ment le bouquet d&#039;ar\u00f4mes floraux qui se d\u00e9gagent du verre.\" \/>\n<meta property=\"og:url\" content=\"https:\/\/kottabos.it\/fr\/prodotto\/zaira\/\" \/>\n<meta property=\"og:site_name\" content=\"Kottabos\" \/>\n<meta property=\"article:publisher\" content=\"https:\/\/www.facebook.com\/KottabosBirraDiSicilia\" \/>\n<meta property=\"article:modified_time\" content=\"2023-09-15T09:55:37+00:00\" \/>\n<meta property=\"og:image\" content=\"https:\/\/kottabos.it\/wp-content\/uploads\/2022\/11\/Zaira-1.png\" \/>\n\t<meta property=\"og:image:width\" content=\"2000\" \/>\n\t<meta property=\"og:image:height\" content=\"2000\" \/>\n\t<meta property=\"og:image:type\" content=\"image\/png\" \/>\n<meta name=\"twitter:card\" content=\"summary_large_image\" \/>\n<meta name=\"twitter:site\" content=\"@kottabosBeer\" \/>\n<meta name=\"twitter:label1\" content=\"Dur\u00e9e de lecture estim\u00e9e\" \/>\n\t<meta name=\"twitter:data1\" content=\"1 minute\" \/>\n<script type=\"application\/ld+json\" class=\"yoast-schema-graph\">{\"@context\":\"https:\\\/\\\/schema.org\",\"@graph\":[{\"@type\":\"WebPage\",\"@id\":\"https:\\\/\\\/kottabos.it\\\/fr\\\/prodotto\\\/zaira\\\/\",\"url\":\"https:\\\/\\\/kottabos.it\\\/fr\\\/prodotto\\\/zaira\\\/\",\"name\":\"Zaira - Kottabos\",\"isPartOf\":{\"@id\":\"https:\\\/\\\/kottabos.it\\\/fr\\\/#website\"},\"primaryImageOfPage\":{\"@id\":\"https:\\\/\\\/kottabos.it\\\/fr\\\/prodotto\\\/zaira\\\/#primaryimage\"},\"image\":{\"@id\":\"https:\\\/\\\/kottabos.it\\\/fr\\\/prodotto\\\/zaira\\\/#primaryimage\"},\"thumbnailUrl\":\"https:\\\/\\\/kottabos.it\\\/wp-content\\\/uploads\\\/2022\\\/11\\\/Zaira-1.png\",\"datePublished\":\"2022-08-29T13:40:33+00:00\",\"dateModified\":\"2023-09-15T09:55:37+00:00\",\"description\":\"Une bi\u00e8re houblonn\u00e9e de type ALE, fra\u00eeche et de caract\u00e8re. Le houblonnage est d'une importance consid\u00e9rable, en effet la particularit\u00e9 de ZAIRA est pr\u00e9cis\u00e9ment le bouquet d'ar\u00f4mes floraux qui se d\u00e9gagent du verre.\",\"breadcrumb\":{\"@id\":\"https:\\\/\\\/kottabos.it\\\/fr\\\/prodotto\\\/zaira\\\/#breadcrumb\"},\"inLanguage\":\"fr-FR\",\"potentialAction\":[{\"@type\":\"ReadAction\",\"target\":[\"https:\\\/\\\/kottabos.it\\\/fr\\\/prodotto\\\/zaira\\\/\"]}]},{\"@type\":\"ImageObject\",\"inLanguage\":\"fr-FR\",\"@id\":\"https:\\\/\\\/kottabos.it\\\/fr\\\/prodotto\\\/zaira\\\/#primaryimage\",\"url\":\"https:\\\/\\\/kottabos.it\\\/wp-content\\\/uploads\\\/2022\\\/11\\\/Zaira-1.png\",\"contentUrl\":\"https:\\\/\\\/kottabos.it\\\/wp-content\\\/uploads\\\/2022\\\/11\\\/Zaira-1.png\",\"width\":2000,\"height\":2000},{\"@type\":\"BreadcrumbList\",\"@id\":\"https:\\\/\\\/kottabos.it\\\/fr\\\/prodotto\\\/zaira\\\/#breadcrumb\",\"itemListElement\":[{\"@type\":\"ListItem\",\"position\":1,\"name\":\"Home\",\"item\":\"https:\\\/\\\/kottabos.it\\\/fr\\\/\"},{\"@type\":\"ListItem\",\"position\":2,\"name\":\"Boutique\",\"item\":\"https:\\\/\\\/kottabos.it\\\/fr\\\/boutique\\\/\"},{\"@type\":\"ListItem\",\"position\":3,\"name\":\"Zaira\"}]},{\"@type\":\"WebSite\",\"@id\":\"https:\\\/\\\/kottabos.it\\\/fr\\\/#website\",\"url\":\"https:\\\/\\\/kottabos.it\\\/fr\\\/\",\"name\":\"Kottabos\",\"description\":\"Craft Beer of Sicily\",\"publisher\":{\"@id\":\"https:\\\/\\\/kottabos.it\\\/fr\\\/#organization\"},\"potentialAction\":[{\"@type\":\"SearchAction\",\"target\":{\"@type\":\"EntryPoint\",\"urlTemplate\":\"https:\\\/\\\/kottabos.it\\\/fr\\\/?s={search_term_string}\"},\"query-input\":{\"@type\":\"PropertyValueSpecification\",\"valueRequired\":true,\"valueName\":\"search_term_string\"}}],\"inLanguage\":\"fr-FR\"},{\"@type\":\"Organization\",\"@id\":\"https:\\\/\\\/kottabos.it\\\/fr\\\/#organization\",\"name\":\"Kottabos\",\"url\":\"https:\\\/\\\/kottabos.it\\\/fr\\\/\",\"logo\":{\"@type\":\"ImageObject\",\"inLanguage\":\"fr-FR\",\"@id\":\"https:\\\/\\\/kottabos.it\\\/fr\\\/#\\\/schema\\\/logo\\\/image\\\/\",\"url\":\"https:\\\/\\\/kottabos.it\\\/wp-content\\\/uploads\\\/2022\\\/03\\\/logo-bianco-kottabos.png\",\"contentUrl\":\"https:\\\/\\\/kottabos.it\\\/wp-content\\\/uploads\\\/2022\\\/03\\\/logo-bianco-kottabos.png\",\"width\":1139,\"height\":984,\"caption\":\"Kottabos\"},\"image\":{\"@id\":\"https:\\\/\\\/kottabos.it\\\/fr\\\/#\\\/schema\\\/logo\\\/image\\\/\"},\"sameAs\":[\"https:\\\/\\\/www.facebook.com\\\/KottabosBirraDiSicilia\",\"https:\\\/\\\/x.com\\\/kottabosBeer\",\"https:\\\/\\\/www.instagram.com\\\/kottabos_sicily\\\/\"]}]}<\/script>\n<!-- \/ Yoast SEO plugin. -->","yoast_head_json":{"title":"Zaira - Kottabos","description":"Une bi\u00e8re houblonn\u00e9e de type ALE, fra\u00eeche et de caract\u00e8re. Le houblonnage est d'une importance consid\u00e9rable, en effet la particularit\u00e9 de ZAIRA est pr\u00e9cis\u00e9ment le bouquet d'ar\u00f4mes floraux qui se d\u00e9gagent du verre.","robots":{"index":"index","follow":"follow","max-snippet":"max-snippet:-1","max-image-preview":"max-image-preview:large","max-video-preview":"max-video-preview:-1"},"canonical":"https:\/\/kottabos.it\/fr\/prodotto\/zaira\/","og_locale":"fr_FR","og_type":"article","og_title":"Zaira - Kottabos","og_description":"Une bi\u00e8re houblonn\u00e9e de type ALE, fra\u00eeche et de caract\u00e8re. Le houblonnage est d'une importance consid\u00e9rable, en effet la particularit\u00e9 de ZAIRA est pr\u00e9cis\u00e9ment le bouquet d'ar\u00f4mes floraux qui se d\u00e9gagent du verre.","og_url":"https:\/\/kottabos.it\/fr\/prodotto\/zaira\/","og_site_name":"Kottabos","article_publisher":"https:\/\/www.facebook.com\/KottabosBirraDiSicilia","article_modified_time":"2023-09-15T09:55:37+00:00","og_image":[{"width":2000,"height":2000,"url":"https:\/\/kottabos.it\/wp-content\/uploads\/2022\/11\/Zaira-1.png","type":"image\/png"}],"twitter_card":"summary_large_image","twitter_site":"@kottabosBeer","twitter_misc":{"Dur\u00e9e de lecture estim\u00e9e":"1 minute"},"schema":{"@context":"https:\/\/schema.org","@graph":[{"@type":"WebPage","@id":"https:\/\/kottabos.it\/fr\/prodotto\/zaira\/","url":"https:\/\/kottabos.it\/fr\/prodotto\/zaira\/","name":"Zaira - Kottabos","isPartOf":{"@id":"https:\/\/kottabos.it\/fr\/#website"},"primaryImageOfPage":{"@id":"https:\/\/kottabos.it\/fr\/prodotto\/zaira\/#primaryimage"},"image":{"@id":"https:\/\/kottabos.it\/fr\/prodotto\/zaira\/#primaryimage"},"thumbnailUrl":"https:\/\/kottabos.it\/wp-content\/uploads\/2022\/11\/Zaira-1.png","datePublished":"2022-08-29T13:40:33+00:00","dateModified":"2023-09-15T09:55:37+00:00","description":"Une bi\u00e8re houblonn\u00e9e de type ALE, fra\u00eeche et de caract\u00e8re. Le houblonnage est d'une importance consid\u00e9rable, en effet la particularit\u00e9 de ZAIRA est pr\u00e9cis\u00e9ment le bouquet d'ar\u00f4mes floraux qui se d\u00e9gagent du verre.","breadcrumb":{"@id":"https:\/\/kottabos.it\/fr\/prodotto\/zaira\/#breadcrumb"},"inLanguage":"fr-FR","potentialAction":[{"@type":"ReadAction","target":["https:\/\/kottabos.it\/fr\/prodotto\/zaira\/"]}]},{"@type":"ImageObject","inLanguage":"fr-FR","@id":"https:\/\/kottabos.it\/fr\/prodotto\/zaira\/#primaryimage","url":"https:\/\/kottabos.it\/wp-content\/uploads\/2022\/11\/Zaira-1.png","contentUrl":"https:\/\/kottabos.it\/wp-content\/uploads\/2022\/11\/Zaira-1.png","width":2000,"height":2000},{"@type":"BreadcrumbList","@id":"https:\/\/kottabos.it\/fr\/prodotto\/zaira\/#breadcrumb","itemListElement":[{"@type":"ListItem","position":1,"name":"Home","item":"https:\/\/kottabos.it\/fr\/"},{"@type":"ListItem","position":2,"name":"Boutique","item":"https:\/\/kottabos.it\/fr\/boutique\/"},{"@type":"ListItem","position":3,"name":"Zaira"}]},{"@type":"WebSite","@id":"https:\/\/kottabos.it\/fr\/#website","url":"https:\/\/kottabos.it\/fr\/","name":"Kottabos","description":"Craft Beer of Sicily","publisher":{"@id":"https:\/\/kottabos.it\/fr\/#organization"},"potentialAction":[{"@type":"SearchAction","target":{"@type":"EntryPoint","urlTemplate":"https:\/\/kottabos.it\/fr\/?s={search_term_string}"},"query-input":{"@type":"PropertyValueSpecification","valueRequired":true,"valueName":"search_term_string"}}],"inLanguage":"fr-FR"},{"@type":"Organization","@id":"https:\/\/kottabos.it\/fr\/#organization","name":"Kottabos","url":"https:\/\/kottabos.it\/fr\/","logo":{"@type":"ImageObject","inLanguage":"fr-FR","@id":"https:\/\/kottabos.it\/fr\/#\/schema\/logo\/image\/","url":"https:\/\/kottabos.it\/wp-content\/uploads\/2022\/03\/logo-bianco-kottabos.png","contentUrl":"https:\/\/kottabos.it\/wp-content\/uploads\/2022\/03\/logo-bianco-kottabos.png","width":1139,"height":984,"caption":"Kottabos"},"image":{"@id":"https:\/\/kottabos.it\/fr\/#\/schema\/logo\/image\/"},"sameAs":["https:\/\/www.facebook.com\/KottabosBirraDiSicilia","https:\/\/x.com\/kottabosBeer","https:\/\/www.instagram.com\/kottabos_sicily\/"]}]}},"_links":{"self":[{"href":"https:\/\/kottabos.it\/fr\/wp-json\/wp\/v2\/product\/3297","targetHints":{"allow":["GET"]}}],"collection":[{"href":"https:\/\/kottabos.it\/fr\/wp-json\/wp\/v2\/product"}],"about":[{"href":"https:\/\/kottabos.it\/fr\/wp-json\/wp\/v2\/types\/product"}],"version-history":[{"count":1,"href":"https:\/\/kottabos.it\/fr\/wp-json\/wp\/v2\/product\/3297\/revisions"}],"predecessor-version":[{"id":3334,"href":"https:\/\/kottabos.it\/fr\/wp-json\/wp\/v2\/product\/3297\/revisions\/3334"}],"wp:featuredmedia":[{"embeddable":true,"href":"https:\/\/kottabos.it\/fr\/wp-json\/wp\/v2\/media\/2660"}],"wp:attachment":[{"href":"https:\/\/kottabos.it\/fr\/wp-json\/wp\/v2\/media?parent=3297"}],"wp:term":[{"taxonomy":"product_brand","embeddable":true,"href":"https:\/\/kottabos.it\/fr\/wp-json\/wp\/v2\/product_brand?post=3297"},{"taxonomy":"product_cat","embeddable":true,"href":"https:\/\/kottabos.it\/fr\/wp-json\/wp\/v2\/product_cat?post=3297"},{"taxonomy":"product_tag","embeddable":true,"href":"https:\/\/kottabos.it\/fr\/wp-json\/wp\/v2\/product_tag?post=3297"}],"curies":[{"name":"wp","href":"https:\/\/api.w.org\/{rel}","templated":true}]}}