{"id":3303,"date":"2022-05-05T17:33:48","date_gmt":"2022-05-05T15:33:48","guid":{"rendered":"https:\/\/kottabos.it\/prodotto\/tamoe\/"},"modified":"2023-09-15T12:47:10","modified_gmt":"2023-09-15T10:47:10","slug":"tamoe","status":"publish","type":"product","link":"https:\/\/kottabos.it\/fr\/prodotto\/tamoe\/","title":{"rendered":"Tamo\u00e8"},"content":{"rendered":"<p>Houblonn\u00e9e avec une amertume surprenante.<\/p>\n","protected":false},"excerpt":{"rendered":"<p>Elle est enrichie en bouche par le go\u00fbt du malt britannique de premi\u00e8re qualit\u00e9 et l&rsquo;incroyable m\u00e9lange des houblons am\u00e9ricains. En bouche, on per\u00e7oit une explosion de notes d&rsquo;agrumes et de fruits exotiques qui laissent un arri\u00e8re-go\u00fbt d\u00e9licat caract\u00e9ris\u00e9 par une amertume r\u00e9sineuse et une note de conif\u00e8re croquante.<\/p>\n","protected":false},"featured_media":2628,"template":"","meta":{"_acf_changed":false},"product_brand":[],"product_cat":[248],"product_tag":[],"class_list":{"0":"post-3303","1":"product","2":"type-product","3":"status-publish","4":"has-post-thumbnail","6":"product_cat-canette","8":"first","9":"outofstock","10":"taxable","11":"shipping-taxable","12":"purchasable","13":"product-type-simple"},"acf":[],"yoast_head":"<!-- This site is optimized with the Yoast SEO plugin v27.4 - https:\/\/yoast.com\/product\/yoast-seo-wordpress\/ -->\n<title>Tamo\u00e8 - Kottabos<\/title>\n<meta name=\"description\" content=\"Elle est enrichie en bouche par le go\u00fbt du malt britannique de premi\u00e8re qualit\u00e9 et l&#039;incroyable m\u00e9lange des houblons am\u00e9ricains.\" \/>\n<meta name=\"robots\" content=\"index, follow, max-snippet:-1, max-image-preview:large, max-video-preview:-1\" \/>\n<link rel=\"canonical\" href=\"https:\/\/kottabos.it\/fr\/prodotto\/tamoe\/\" \/>\n<meta property=\"og:locale\" content=\"fr_FR\" \/>\n<meta property=\"og:type\" content=\"article\" \/>\n<meta property=\"og:title\" content=\"Tamo\u00e8 - Kottabos\" \/>\n<meta property=\"og:description\" content=\"Elle est enrichie en bouche par le go\u00fbt du malt britannique de premi\u00e8re qualit\u00e9 et l&#039;incroyable m\u00e9lange des houblons am\u00e9ricains.\" \/>\n<meta property=\"og:url\" content=\"https:\/\/kottabos.it\/fr\/prodotto\/tamoe\/\" \/>\n<meta property=\"og:site_name\" content=\"Kottabos\" \/>\n<meta property=\"article:publisher\" content=\"https:\/\/www.facebook.com\/KottabosBirraDiSicilia\" \/>\n<meta property=\"article:modified_time\" content=\"2023-09-15T10:47:10+00:00\" \/>\n<meta property=\"og:image\" content=\"https:\/\/kottabos.it\/wp-content\/uploads\/2022\/05\/tamoe-1.jpg\" \/>\n\t<meta property=\"og:image:width\" content=\"1200\" \/>\n\t<meta property=\"og:image:height\" content=\"1200\" \/>\n\t<meta property=\"og:image:type\" content=\"image\/jpeg\" \/>\n<meta name=\"twitter:card\" content=\"summary_large_image\" \/>\n<meta name=\"twitter:site\" content=\"@kottabosBeer\" \/>\n<meta name=\"twitter:label1\" content=\"Dur\u00e9e de lecture estim\u00e9e\" \/>\n\t<meta name=\"twitter:data1\" content=\"1 minute\" \/>\n<script type=\"application\/ld+json\" class=\"yoast-schema-graph\">{\"@context\":\"https:\\\/\\\/schema.org\",\"@graph\":[{\"@type\":\"WebPage\",\"@id\":\"https:\\\/\\\/kottabos.it\\\/fr\\\/prodotto\\\/tamoe\\\/\",\"url\":\"https:\\\/\\\/kottabos.it\\\/fr\\\/prodotto\\\/tamoe\\\/\",\"name\":\"Tamo\u00e8 - Kottabos\",\"isPartOf\":{\"@id\":\"https:\\\/\\\/kottabos.it\\\/fr\\\/#website\"},\"primaryImageOfPage\":{\"@id\":\"https:\\\/\\\/kottabos.it\\\/fr\\\/prodotto\\\/tamoe\\\/#primaryimage\"},\"image\":{\"@id\":\"https:\\\/\\\/kottabos.it\\\/fr\\\/prodotto\\\/tamoe\\\/#primaryimage\"},\"thumbnailUrl\":\"https:\\\/\\\/kottabos.it\\\/wp-content\\\/uploads\\\/2022\\\/05\\\/tamoe-1.jpg\",\"datePublished\":\"2022-05-05T15:33:48+00:00\",\"dateModified\":\"2023-09-15T10:47:10+00:00\",\"description\":\"Elle est enrichie en bouche par le go\u00fbt du malt britannique de premi\u00e8re qualit\u00e9 et l'incroyable m\u00e9lange des houblons am\u00e9ricains.\",\"breadcrumb\":{\"@id\":\"https:\\\/\\\/kottabos.it\\\/fr\\\/prodotto\\\/tamoe\\\/#breadcrumb\"},\"inLanguage\":\"fr-FR\",\"potentialAction\":[{\"@type\":\"ReadAction\",\"target\":[\"https:\\\/\\\/kottabos.it\\\/fr\\\/prodotto\\\/tamoe\\\/\"]}]},{\"@type\":\"ImageObject\",\"inLanguage\":\"fr-FR\",\"@id\":\"https:\\\/\\\/kottabos.it\\\/fr\\\/prodotto\\\/tamoe\\\/#primaryimage\",\"url\":\"https:\\\/\\\/kottabos.it\\\/wp-content\\\/uploads\\\/2022\\\/05\\\/tamoe-1.jpg\",\"contentUrl\":\"https:\\\/\\\/kottabos.it\\\/wp-content\\\/uploads\\\/2022\\\/05\\\/tamoe-1.jpg\",\"width\":1200,\"height\":1200},{\"@type\":\"BreadcrumbList\",\"@id\":\"https:\\\/\\\/kottabos.it\\\/fr\\\/prodotto\\\/tamoe\\\/#breadcrumb\",\"itemListElement\":[{\"@type\":\"ListItem\",\"position\":1,\"name\":\"Home\",\"item\":\"https:\\\/\\\/kottabos.it\\\/fr\\\/\"},{\"@type\":\"ListItem\",\"position\":2,\"name\":\"Boutique\",\"item\":\"https:\\\/\\\/kottabos.it\\\/fr\\\/boutique\\\/\"},{\"@type\":\"ListItem\",\"position\":3,\"name\":\"Tamo\u00e8\"}]},{\"@type\":\"WebSite\",\"@id\":\"https:\\\/\\\/kottabos.it\\\/fr\\\/#website\",\"url\":\"https:\\\/\\\/kottabos.it\\\/fr\\\/\",\"name\":\"Kottabos\",\"description\":\"Craft Beer of Sicily\",\"publisher\":{\"@id\":\"https:\\\/\\\/kottabos.it\\\/fr\\\/#organization\"},\"potentialAction\":[{\"@type\":\"SearchAction\",\"target\":{\"@type\":\"EntryPoint\",\"urlTemplate\":\"https:\\\/\\\/kottabos.it\\\/fr\\\/?s={search_term_string}\"},\"query-input\":{\"@type\":\"PropertyValueSpecification\",\"valueRequired\":true,\"valueName\":\"search_term_string\"}}],\"inLanguage\":\"fr-FR\"},{\"@type\":\"Organization\",\"@id\":\"https:\\\/\\\/kottabos.it\\\/fr\\\/#organization\",\"name\":\"Kottabos\",\"url\":\"https:\\\/\\\/kottabos.it\\\/fr\\\/\",\"logo\":{\"@type\":\"ImageObject\",\"inLanguage\":\"fr-FR\",\"@id\":\"https:\\\/\\\/kottabos.it\\\/fr\\\/#\\\/schema\\\/logo\\\/image\\\/\",\"url\":\"https:\\\/\\\/kottabos.it\\\/wp-content\\\/uploads\\\/2022\\\/03\\\/logo-bianco-kottabos.png\",\"contentUrl\":\"https:\\\/\\\/kottabos.it\\\/wp-content\\\/uploads\\\/2022\\\/03\\\/logo-bianco-kottabos.png\",\"width\":1139,\"height\":984,\"caption\":\"Kottabos\"},\"image\":{\"@id\":\"https:\\\/\\\/kottabos.it\\\/fr\\\/#\\\/schema\\\/logo\\\/image\\\/\"},\"sameAs\":[\"https:\\\/\\\/www.facebook.com\\\/KottabosBirraDiSicilia\",\"https:\\\/\\\/x.com\\\/kottabosBeer\",\"https:\\\/\\\/www.instagram.com\\\/kottabos_sicily\\\/\"]}]}<\/script>\n<!-- \/ Yoast SEO plugin. -->","yoast_head_json":{"title":"Tamo\u00e8 - Kottabos","description":"Elle est enrichie en bouche par le go\u00fbt du malt britannique de premi\u00e8re qualit\u00e9 et l'incroyable m\u00e9lange des houblons am\u00e9ricains.","robots":{"index":"index","follow":"follow","max-snippet":"max-snippet:-1","max-image-preview":"max-image-preview:large","max-video-preview":"max-video-preview:-1"},"canonical":"https:\/\/kottabos.it\/fr\/prodotto\/tamoe\/","og_locale":"fr_FR","og_type":"article","og_title":"Tamo\u00e8 - Kottabos","og_description":"Elle est enrichie en bouche par le go\u00fbt du malt britannique de premi\u00e8re qualit\u00e9 et l'incroyable m\u00e9lange des houblons am\u00e9ricains.","og_url":"https:\/\/kottabos.it\/fr\/prodotto\/tamoe\/","og_site_name":"Kottabos","article_publisher":"https:\/\/www.facebook.com\/KottabosBirraDiSicilia","article_modified_time":"2023-09-15T10:47:10+00:00","og_image":[{"width":1200,"height":1200,"url":"https:\/\/kottabos.it\/wp-content\/uploads\/2022\/05\/tamoe-1.jpg","type":"image\/jpeg"}],"twitter_card":"summary_large_image","twitter_site":"@kottabosBeer","twitter_misc":{"Dur\u00e9e de lecture estim\u00e9e":"1 minute"},"schema":{"@context":"https:\/\/schema.org","@graph":[{"@type":"WebPage","@id":"https:\/\/kottabos.it\/fr\/prodotto\/tamoe\/","url":"https:\/\/kottabos.it\/fr\/prodotto\/tamoe\/","name":"Tamo\u00e8 - Kottabos","isPartOf":{"@id":"https:\/\/kottabos.it\/fr\/#website"},"primaryImageOfPage":{"@id":"https:\/\/kottabos.it\/fr\/prodotto\/tamoe\/#primaryimage"},"image":{"@id":"https:\/\/kottabos.it\/fr\/prodotto\/tamoe\/#primaryimage"},"thumbnailUrl":"https:\/\/kottabos.it\/wp-content\/uploads\/2022\/05\/tamoe-1.jpg","datePublished":"2022-05-05T15:33:48+00:00","dateModified":"2023-09-15T10:47:10+00:00","description":"Elle est enrichie en bouche par le go\u00fbt du malt britannique de premi\u00e8re qualit\u00e9 et l'incroyable m\u00e9lange des houblons am\u00e9ricains.","breadcrumb":{"@id":"https:\/\/kottabos.it\/fr\/prodotto\/tamoe\/#breadcrumb"},"inLanguage":"fr-FR","potentialAction":[{"@type":"ReadAction","target":["https:\/\/kottabos.it\/fr\/prodotto\/tamoe\/"]}]},{"@type":"ImageObject","inLanguage":"fr-FR","@id":"https:\/\/kottabos.it\/fr\/prodotto\/tamoe\/#primaryimage","url":"https:\/\/kottabos.it\/wp-content\/uploads\/2022\/05\/tamoe-1.jpg","contentUrl":"https:\/\/kottabos.it\/wp-content\/uploads\/2022\/05\/tamoe-1.jpg","width":1200,"height":1200},{"@type":"BreadcrumbList","@id":"https:\/\/kottabos.it\/fr\/prodotto\/tamoe\/#breadcrumb","itemListElement":[{"@type":"ListItem","position":1,"name":"Home","item":"https:\/\/kottabos.it\/fr\/"},{"@type":"ListItem","position":2,"name":"Boutique","item":"https:\/\/kottabos.it\/fr\/boutique\/"},{"@type":"ListItem","position":3,"name":"Tamo\u00e8"}]},{"@type":"WebSite","@id":"https:\/\/kottabos.it\/fr\/#website","url":"https:\/\/kottabos.it\/fr\/","name":"Kottabos","description":"Craft Beer of Sicily","publisher":{"@id":"https:\/\/kottabos.it\/fr\/#organization"},"potentialAction":[{"@type":"SearchAction","target":{"@type":"EntryPoint","urlTemplate":"https:\/\/kottabos.it\/fr\/?s={search_term_string}"},"query-input":{"@type":"PropertyValueSpecification","valueRequired":true,"valueName":"search_term_string"}}],"inLanguage":"fr-FR"},{"@type":"Organization","@id":"https:\/\/kottabos.it\/fr\/#organization","name":"Kottabos","url":"https:\/\/kottabos.it\/fr\/","logo":{"@type":"ImageObject","inLanguage":"fr-FR","@id":"https:\/\/kottabos.it\/fr\/#\/schema\/logo\/image\/","url":"https:\/\/kottabos.it\/wp-content\/uploads\/2022\/03\/logo-bianco-kottabos.png","contentUrl":"https:\/\/kottabos.it\/wp-content\/uploads\/2022\/03\/logo-bianco-kottabos.png","width":1139,"height":984,"caption":"Kottabos"},"image":{"@id":"https:\/\/kottabos.it\/fr\/#\/schema\/logo\/image\/"},"sameAs":["https:\/\/www.facebook.com\/KottabosBirraDiSicilia","https:\/\/x.com\/kottabosBeer","https:\/\/www.instagram.com\/kottabos_sicily\/"]}]}},"_links":{"self":[{"href":"https:\/\/kottabos.it\/fr\/wp-json\/wp\/v2\/product\/3303","targetHints":{"allow":["GET"]}}],"collection":[{"href":"https:\/\/kottabos.it\/fr\/wp-json\/wp\/v2\/product"}],"about":[{"href":"https:\/\/kottabos.it\/fr\/wp-json\/wp\/v2\/types\/product"}],"version-history":[{"count":1,"href":"https:\/\/kottabos.it\/fr\/wp-json\/wp\/v2\/product\/3303\/revisions"}],"predecessor-version":[{"id":3337,"href":"https:\/\/kottabos.it\/fr\/wp-json\/wp\/v2\/product\/3303\/revisions\/3337"}],"wp:featuredmedia":[{"embeddable":true,"href":"https:\/\/kottabos.it\/fr\/wp-json\/wp\/v2\/media\/2628"}],"wp:attachment":[{"href":"https:\/\/kottabos.it\/fr\/wp-json\/wp\/v2\/media?parent=3303"}],"wp:term":[{"taxonomy":"product_brand","embeddable":true,"href":"https:\/\/kottabos.it\/fr\/wp-json\/wp\/v2\/product_brand?post=3303"},{"taxonomy":"product_cat","embeddable":true,"href":"https:\/\/kottabos.it\/fr\/wp-json\/wp\/v2\/product_cat?post=3303"},{"taxonomy":"product_tag","embeddable":true,"href":"https:\/\/kottabos.it\/fr\/wp-json\/wp\/v2\/product_tag?post=3303"}],"curies":[{"name":"wp","href":"https:\/\/api.w.org\/{rel}","templated":true}]}}