{"id":3304,"date":"2022-05-05T17:31:30","date_gmt":"2022-05-05T15:31:30","guid":{"rendered":"https:\/\/kottabos.it\/prodotto\/bauci\/"},"modified":"2023-09-15T14:10:09","modified_gmt":"2023-09-15T12:10:09","slug":"bauci","status":"publish","type":"product","link":"https:\/\/kottabos.it\/fr\/prodotto\/bauci\/","title":{"rendered":"Bauci"},"content":{"rendered":"<p>Saveur \u00e9quilibr\u00e9e avec un arri\u00e8re-go\u00fbt d&rsquo;agrumes et d&rsquo;aiguilles de pin.<\/p>\n","protected":false},"excerpt":{"rendered":"<p>Une bi\u00e8re \u00e0 l&rsquo;amertume fine dont la mousse est \u00e0 grain moyen et persistante. Le go\u00fbt est caract\u00e9ris\u00e9 par d&rsquo;agr\u00e9ables notes d&rsquo;agrumes et tropicales telles que le pamplemousse, la mangue, le fruit de la passion et le raisin blanc. Enfin on per\u00e7oit des notes de pain frais et biscott\u00e9 qui donnent un go\u00fbt de torr\u00e9faction.<\/p>\n","protected":false},"featured_media":2624,"template":"","meta":{"_acf_changed":false},"product_brand":[],"product_cat":[248],"product_tag":[],"class_list":{"0":"post-3304","1":"product","2":"type-product","3":"status-publish","4":"has-post-thumbnail","6":"product_cat-canette","8":"first","9":"outofstock","10":"taxable","11":"shipping-taxable","12":"purchasable","13":"product-type-simple"},"acf":[],"yoast_head":"<!-- This site is optimized with the Yoast SEO plugin v27.4 - https:\/\/yoast.com\/product\/yoast-seo-wordpress\/ -->\n<title>Bauci - Kottabos<\/title>\n<meta name=\"description\" content=\"Le go\u00fbt est caract\u00e9ris\u00e9 par d&#039;agr\u00e9ables notes d&#039;agrumes et tropicales telles que le pamplemousse, la mangue, le fruit de la passion et le raisin blanc.\" \/>\n<meta name=\"robots\" content=\"index, follow, max-snippet:-1, max-image-preview:large, max-video-preview:-1\" \/>\n<link rel=\"canonical\" href=\"https:\/\/kottabos.it\/fr\/prodotto\/bauci\/\" \/>\n<meta property=\"og:locale\" content=\"fr_FR\" \/>\n<meta property=\"og:type\" content=\"article\" \/>\n<meta property=\"og:title\" content=\"Bauci - Kottabos\" \/>\n<meta property=\"og:description\" content=\"Le go\u00fbt est caract\u00e9ris\u00e9 par d&#039;agr\u00e9ables notes d&#039;agrumes et tropicales telles que le pamplemousse, la mangue, le fruit de la passion et le raisin blanc.\" \/>\n<meta property=\"og:url\" content=\"https:\/\/kottabos.it\/fr\/prodotto\/bauci\/\" \/>\n<meta property=\"og:site_name\" content=\"Kottabos\" \/>\n<meta property=\"article:publisher\" content=\"https:\/\/www.facebook.com\/KottabosBirraDiSicilia\" \/>\n<meta property=\"article:modified_time\" content=\"2023-09-15T12:10:09+00:00\" \/>\n<meta property=\"og:image\" content=\"https:\/\/kottabos.it\/wp-content\/uploads\/2022\/05\/bauci.jpg\" \/>\n\t<meta property=\"og:image:width\" content=\"1200\" \/>\n\t<meta property=\"og:image:height\" content=\"1200\" \/>\n\t<meta property=\"og:image:type\" content=\"image\/jpeg\" \/>\n<meta name=\"twitter:card\" content=\"summary_large_image\" \/>\n<meta name=\"twitter:site\" content=\"@kottabosBeer\" \/>\n<meta name=\"twitter:label1\" content=\"Dur\u00e9e de lecture estim\u00e9e\" \/>\n\t<meta name=\"twitter:data1\" content=\"1 minute\" \/>\n<script type=\"application\/ld+json\" class=\"yoast-schema-graph\">{\"@context\":\"https:\\\/\\\/schema.org\",\"@graph\":[{\"@type\":\"WebPage\",\"@id\":\"https:\\\/\\\/kottabos.it\\\/fr\\\/prodotto\\\/bauci\\\/\",\"url\":\"https:\\\/\\\/kottabos.it\\\/fr\\\/prodotto\\\/bauci\\\/\",\"name\":\"Bauci - Kottabos\",\"isPartOf\":{\"@id\":\"https:\\\/\\\/kottabos.it\\\/fr\\\/#website\"},\"primaryImageOfPage\":{\"@id\":\"https:\\\/\\\/kottabos.it\\\/fr\\\/prodotto\\\/bauci\\\/#primaryimage\"},\"image\":{\"@id\":\"https:\\\/\\\/kottabos.it\\\/fr\\\/prodotto\\\/bauci\\\/#primaryimage\"},\"thumbnailUrl\":\"https:\\\/\\\/kottabos.it\\\/wp-content\\\/uploads\\\/2022\\\/05\\\/bauci.jpg\",\"datePublished\":\"2022-05-05T15:31:30+00:00\",\"dateModified\":\"2023-09-15T12:10:09+00:00\",\"description\":\"Le go\u00fbt est caract\u00e9ris\u00e9 par d'agr\u00e9ables notes d'agrumes et tropicales telles que le pamplemousse, la mangue, le fruit de la passion et le raisin blanc.\",\"breadcrumb\":{\"@id\":\"https:\\\/\\\/kottabos.it\\\/fr\\\/prodotto\\\/bauci\\\/#breadcrumb\"},\"inLanguage\":\"fr-FR\",\"potentialAction\":[{\"@type\":\"ReadAction\",\"target\":[\"https:\\\/\\\/kottabos.it\\\/fr\\\/prodotto\\\/bauci\\\/\"]}]},{\"@type\":\"ImageObject\",\"inLanguage\":\"fr-FR\",\"@id\":\"https:\\\/\\\/kottabos.it\\\/fr\\\/prodotto\\\/bauci\\\/#primaryimage\",\"url\":\"https:\\\/\\\/kottabos.it\\\/wp-content\\\/uploads\\\/2022\\\/05\\\/bauci.jpg\",\"contentUrl\":\"https:\\\/\\\/kottabos.it\\\/wp-content\\\/uploads\\\/2022\\\/05\\\/bauci.jpg\",\"width\":1200,\"height\":1200},{\"@type\":\"BreadcrumbList\",\"@id\":\"https:\\\/\\\/kottabos.it\\\/fr\\\/prodotto\\\/bauci\\\/#breadcrumb\",\"itemListElement\":[{\"@type\":\"ListItem\",\"position\":1,\"name\":\"Home\",\"item\":\"https:\\\/\\\/kottabos.it\\\/fr\\\/\"},{\"@type\":\"ListItem\",\"position\":2,\"name\":\"Boutique\",\"item\":\"https:\\\/\\\/kottabos.it\\\/fr\\\/boutique\\\/\"},{\"@type\":\"ListItem\",\"position\":3,\"name\":\"Bauci\"}]},{\"@type\":\"WebSite\",\"@id\":\"https:\\\/\\\/kottabos.it\\\/fr\\\/#website\",\"url\":\"https:\\\/\\\/kottabos.it\\\/fr\\\/\",\"name\":\"Kottabos\",\"description\":\"Craft Beer of Sicily\",\"publisher\":{\"@id\":\"https:\\\/\\\/kottabos.it\\\/fr\\\/#organization\"},\"potentialAction\":[{\"@type\":\"SearchAction\",\"target\":{\"@type\":\"EntryPoint\",\"urlTemplate\":\"https:\\\/\\\/kottabos.it\\\/fr\\\/?s={search_term_string}\"},\"query-input\":{\"@type\":\"PropertyValueSpecification\",\"valueRequired\":true,\"valueName\":\"search_term_string\"}}],\"inLanguage\":\"fr-FR\"},{\"@type\":\"Organization\",\"@id\":\"https:\\\/\\\/kottabos.it\\\/fr\\\/#organization\",\"name\":\"Kottabos\",\"url\":\"https:\\\/\\\/kottabos.it\\\/fr\\\/\",\"logo\":{\"@type\":\"ImageObject\",\"inLanguage\":\"fr-FR\",\"@id\":\"https:\\\/\\\/kottabos.it\\\/fr\\\/#\\\/schema\\\/logo\\\/image\\\/\",\"url\":\"https:\\\/\\\/kottabos.it\\\/wp-content\\\/uploads\\\/2022\\\/03\\\/logo-bianco-kottabos.png\",\"contentUrl\":\"https:\\\/\\\/kottabos.it\\\/wp-content\\\/uploads\\\/2022\\\/03\\\/logo-bianco-kottabos.png\",\"width\":1139,\"height\":984,\"caption\":\"Kottabos\"},\"image\":{\"@id\":\"https:\\\/\\\/kottabos.it\\\/fr\\\/#\\\/schema\\\/logo\\\/image\\\/\"},\"sameAs\":[\"https:\\\/\\\/www.facebook.com\\\/KottabosBirraDiSicilia\",\"https:\\\/\\\/x.com\\\/kottabosBeer\",\"https:\\\/\\\/www.instagram.com\\\/kottabos_sicily\\\/\"]}]}<\/script>\n<!-- \/ Yoast SEO plugin. -->","yoast_head_json":{"title":"Bauci - Kottabos","description":"Le go\u00fbt est caract\u00e9ris\u00e9 par d'agr\u00e9ables notes d'agrumes et tropicales telles que le pamplemousse, la mangue, le fruit de la passion et le raisin blanc.","robots":{"index":"index","follow":"follow","max-snippet":"max-snippet:-1","max-image-preview":"max-image-preview:large","max-video-preview":"max-video-preview:-1"},"canonical":"https:\/\/kottabos.it\/fr\/prodotto\/bauci\/","og_locale":"fr_FR","og_type":"article","og_title":"Bauci - Kottabos","og_description":"Le go\u00fbt est caract\u00e9ris\u00e9 par d'agr\u00e9ables notes d'agrumes et tropicales telles que le pamplemousse, la mangue, le fruit de la passion et le raisin blanc.","og_url":"https:\/\/kottabos.it\/fr\/prodotto\/bauci\/","og_site_name":"Kottabos","article_publisher":"https:\/\/www.facebook.com\/KottabosBirraDiSicilia","article_modified_time":"2023-09-15T12:10:09+00:00","og_image":[{"width":1200,"height":1200,"url":"https:\/\/kottabos.it\/wp-content\/uploads\/2022\/05\/bauci.jpg","type":"image\/jpeg"}],"twitter_card":"summary_large_image","twitter_site":"@kottabosBeer","twitter_misc":{"Dur\u00e9e de lecture estim\u00e9e":"1 minute"},"schema":{"@context":"https:\/\/schema.org","@graph":[{"@type":"WebPage","@id":"https:\/\/kottabos.it\/fr\/prodotto\/bauci\/","url":"https:\/\/kottabos.it\/fr\/prodotto\/bauci\/","name":"Bauci - Kottabos","isPartOf":{"@id":"https:\/\/kottabos.it\/fr\/#website"},"primaryImageOfPage":{"@id":"https:\/\/kottabos.it\/fr\/prodotto\/bauci\/#primaryimage"},"image":{"@id":"https:\/\/kottabos.it\/fr\/prodotto\/bauci\/#primaryimage"},"thumbnailUrl":"https:\/\/kottabos.it\/wp-content\/uploads\/2022\/05\/bauci.jpg","datePublished":"2022-05-05T15:31:30+00:00","dateModified":"2023-09-15T12:10:09+00:00","description":"Le go\u00fbt est caract\u00e9ris\u00e9 par d'agr\u00e9ables notes d'agrumes et tropicales telles que le pamplemousse, la mangue, le fruit de la passion et le raisin blanc.","breadcrumb":{"@id":"https:\/\/kottabos.it\/fr\/prodotto\/bauci\/#breadcrumb"},"inLanguage":"fr-FR","potentialAction":[{"@type":"ReadAction","target":["https:\/\/kottabos.it\/fr\/prodotto\/bauci\/"]}]},{"@type":"ImageObject","inLanguage":"fr-FR","@id":"https:\/\/kottabos.it\/fr\/prodotto\/bauci\/#primaryimage","url":"https:\/\/kottabos.it\/wp-content\/uploads\/2022\/05\/bauci.jpg","contentUrl":"https:\/\/kottabos.it\/wp-content\/uploads\/2022\/05\/bauci.jpg","width":1200,"height":1200},{"@type":"BreadcrumbList","@id":"https:\/\/kottabos.it\/fr\/prodotto\/bauci\/#breadcrumb","itemListElement":[{"@type":"ListItem","position":1,"name":"Home","item":"https:\/\/kottabos.it\/fr\/"},{"@type":"ListItem","position":2,"name":"Boutique","item":"https:\/\/kottabos.it\/fr\/boutique\/"},{"@type":"ListItem","position":3,"name":"Bauci"}]},{"@type":"WebSite","@id":"https:\/\/kottabos.it\/fr\/#website","url":"https:\/\/kottabos.it\/fr\/","name":"Kottabos","description":"Craft Beer of Sicily","publisher":{"@id":"https:\/\/kottabos.it\/fr\/#organization"},"potentialAction":[{"@type":"SearchAction","target":{"@type":"EntryPoint","urlTemplate":"https:\/\/kottabos.it\/fr\/?s={search_term_string}"},"query-input":{"@type":"PropertyValueSpecification","valueRequired":true,"valueName":"search_term_string"}}],"inLanguage":"fr-FR"},{"@type":"Organization","@id":"https:\/\/kottabos.it\/fr\/#organization","name":"Kottabos","url":"https:\/\/kottabos.it\/fr\/","logo":{"@type":"ImageObject","inLanguage":"fr-FR","@id":"https:\/\/kottabos.it\/fr\/#\/schema\/logo\/image\/","url":"https:\/\/kottabos.it\/wp-content\/uploads\/2022\/03\/logo-bianco-kottabos.png","contentUrl":"https:\/\/kottabos.it\/wp-content\/uploads\/2022\/03\/logo-bianco-kottabos.png","width":1139,"height":984,"caption":"Kottabos"},"image":{"@id":"https:\/\/kottabos.it\/fr\/#\/schema\/logo\/image\/"},"sameAs":["https:\/\/www.facebook.com\/KottabosBirraDiSicilia","https:\/\/x.com\/kottabosBeer","https:\/\/www.instagram.com\/kottabos_sicily\/"]}]}},"_links":{"self":[{"href":"https:\/\/kottabos.it\/fr\/wp-json\/wp\/v2\/product\/3304","targetHints":{"allow":["GET"]}}],"collection":[{"href":"https:\/\/kottabos.it\/fr\/wp-json\/wp\/v2\/product"}],"about":[{"href":"https:\/\/kottabos.it\/fr\/wp-json\/wp\/v2\/types\/product"}],"version-history":[{"count":1,"href":"https:\/\/kottabos.it\/fr\/wp-json\/wp\/v2\/product\/3304\/revisions"}],"predecessor-version":[{"id":3338,"href":"https:\/\/kottabos.it\/fr\/wp-json\/wp\/v2\/product\/3304\/revisions\/3338"}],"wp:featuredmedia":[{"embeddable":true,"href":"https:\/\/kottabos.it\/fr\/wp-json\/wp\/v2\/media\/2624"}],"wp:attachment":[{"href":"https:\/\/kottabos.it\/fr\/wp-json\/wp\/v2\/media?parent=3304"}],"wp:term":[{"taxonomy":"product_brand","embeddable":true,"href":"https:\/\/kottabos.it\/fr\/wp-json\/wp\/v2\/product_brand?post=3304"},{"taxonomy":"product_cat","embeddable":true,"href":"https:\/\/kottabos.it\/fr\/wp-json\/wp\/v2\/product_cat?post=3304"},{"taxonomy":"product_tag","embeddable":true,"href":"https:\/\/kottabos.it\/fr\/wp-json\/wp\/v2\/product_tag?post=3304"}],"curies":[{"name":"wp","href":"https:\/\/api.w.org\/{rel}","templated":true}]}}