{"id":3625,"date":"2024-09-24T18:45:44","date_gmt":"2024-09-24T16:45:44","guid":{"rendered":"https:\/\/kottabos.it\/?post_type=product&#038;p=3625"},"modified":"2024-09-24T19:23:46","modified_gmt":"2024-09-24T17:23:46","slug":"moriana-copia","status":"publish","type":"product","link":"https:\/\/kottabos.it\/fr\/prodotto\/moriana-copia\/","title":{"rendered":"Moriana (Copia)"},"content":{"rendered":"<p>Au nez, on per\u00e7oit des notes fum\u00e9es avec des nuances de tabac, de cuir et de caf\u00e9.<\/p>\n<p class=\"p1\">\n<p class=\"p1\">\n","protected":false},"excerpt":{"rendered":"<p>Une bi\u00e8re intrigante et raffin\u00e9e, caract\u00e9ris\u00e9e par des malts torr\u00e9fi\u00e9s et fum\u00e9s sur du bois de h\u00eatre vieilli, avec une mousse intense et fine.<\/p>\n","protected":false},"featured_media":2622,"template":"","meta":{"_acf_changed":false},"product_brand":[],"product_cat":[],"product_tag":[],"class_list":{"0":"post-3625","1":"product","2":"type-product","3":"status-publish","4":"has-post-thumbnail","7":"first","8":"instock","9":"taxable","10":"shipping-taxable","11":"purchasable","12":"product-type-variable"},"acf":[],"yoast_head":"<!-- This site is optimized with the Yoast SEO plugin v27.4 - https:\/\/yoast.com\/product\/yoast-seo-wordpress\/ -->\n<title>Moriana (Copia) - Kottabos<\/title>\n<meta name=\"description\" content=\"Une bi\u00e8re intrigante et raffin\u00e9e, caract\u00e9ris\u00e9e par des malts torr\u00e9fi\u00e9s et fum\u00e9s sur du bois de h\u00eatre vieilli, avec une mousse intense et fine.\" \/>\n<meta name=\"robots\" content=\"index, follow, max-snippet:-1, max-image-preview:large, max-video-preview:-1\" \/>\n<link rel=\"canonical\" href=\"https:\/\/kottabos.it\/fr\/prodotto\/moriana-copia\/\" \/>\n<meta property=\"og:locale\" content=\"fr_FR\" \/>\n<meta property=\"og:type\" content=\"article\" \/>\n<meta property=\"og:title\" content=\"Moriana (Copia) - Kottabos\" \/>\n<meta property=\"og:description\" content=\"Une bi\u00e8re intrigante et raffin\u00e9e, caract\u00e9ris\u00e9e par des malts torr\u00e9fi\u00e9s et fum\u00e9s sur du bois de h\u00eatre vieilli, avec une mousse intense et fine.\" \/>\n<meta property=\"og:url\" content=\"https:\/\/kottabos.it\/fr\/prodotto\/moriana-copia\/\" \/>\n<meta property=\"og:site_name\" content=\"Kottabos\" \/>\n<meta property=\"article:publisher\" content=\"https:\/\/www.facebook.com\/KottabosBirraDiSicilia\" \/>\n<meta property=\"article:modified_time\" content=\"2024-09-24T17:23:46+00:00\" \/>\n<meta property=\"og:image\" content=\"https:\/\/kottabos.it\/wp-content\/uploads\/2022\/05\/Moriana.jpg\" \/>\n\t<meta property=\"og:image:width\" content=\"1200\" \/>\n\t<meta property=\"og:image:height\" content=\"1200\" \/>\n\t<meta property=\"og:image:type\" content=\"image\/jpeg\" \/>\n<meta name=\"twitter:card\" content=\"summary_large_image\" \/>\n<meta name=\"twitter:site\" content=\"@kottabosBeer\" \/>\n<meta name=\"twitter:label1\" content=\"Dur\u00e9e de lecture estim\u00e9e\" \/>\n\t<meta name=\"twitter:data1\" content=\"1 minute\" \/>\n<script type=\"application\/ld+json\" class=\"yoast-schema-graph\">{\"@context\":\"https:\\\/\\\/schema.org\",\"@graph\":[{\"@type\":\"WebPage\",\"@id\":\"https:\\\/\\\/kottabos.it\\\/fr\\\/prodotto\\\/moriana-copia\\\/\",\"url\":\"https:\\\/\\\/kottabos.it\\\/fr\\\/prodotto\\\/moriana-copia\\\/\",\"name\":\"Moriana (Copia) - Kottabos\",\"isPartOf\":{\"@id\":\"https:\\\/\\\/kottabos.it\\\/fr\\\/#website\"},\"primaryImageOfPage\":{\"@id\":\"https:\\\/\\\/kottabos.it\\\/fr\\\/prodotto\\\/moriana-copia\\\/#primaryimage\"},\"image\":{\"@id\":\"https:\\\/\\\/kottabos.it\\\/fr\\\/prodotto\\\/moriana-copia\\\/#primaryimage\"},\"thumbnailUrl\":\"https:\\\/\\\/kottabos.it\\\/wp-content\\\/uploads\\\/2022\\\/05\\\/Moriana.jpg\",\"datePublished\":\"2024-09-24T16:45:44+00:00\",\"dateModified\":\"2024-09-24T17:23:46+00:00\",\"description\":\"Une bi\u00e8re intrigante et raffin\u00e9e, caract\u00e9ris\u00e9e par des malts torr\u00e9fi\u00e9s et fum\u00e9s sur du bois de h\u00eatre vieilli, avec une mousse intense et fine.\",\"breadcrumb\":{\"@id\":\"https:\\\/\\\/kottabos.it\\\/fr\\\/prodotto\\\/moriana-copia\\\/#breadcrumb\"},\"inLanguage\":\"fr-FR\",\"potentialAction\":[{\"@type\":\"ReadAction\",\"target\":[\"https:\\\/\\\/kottabos.it\\\/fr\\\/prodotto\\\/moriana-copia\\\/\"]}]},{\"@type\":\"ImageObject\",\"inLanguage\":\"fr-FR\",\"@id\":\"https:\\\/\\\/kottabos.it\\\/fr\\\/prodotto\\\/moriana-copia\\\/#primaryimage\",\"url\":\"https:\\\/\\\/kottabos.it\\\/wp-content\\\/uploads\\\/2022\\\/05\\\/Moriana.jpg\",\"contentUrl\":\"https:\\\/\\\/kottabos.it\\\/wp-content\\\/uploads\\\/2022\\\/05\\\/Moriana.jpg\",\"width\":1200,\"height\":1200},{\"@type\":\"BreadcrumbList\",\"@id\":\"https:\\\/\\\/kottabos.it\\\/fr\\\/prodotto\\\/moriana-copia\\\/#breadcrumb\",\"itemListElement\":[{\"@type\":\"ListItem\",\"position\":1,\"name\":\"Home\",\"item\":\"https:\\\/\\\/kottabos.it\\\/fr\\\/\"},{\"@type\":\"ListItem\",\"position\":2,\"name\":\"Boutique\",\"item\":\"https:\\\/\\\/kottabos.it\\\/fr\\\/boutique\\\/\"},{\"@type\":\"ListItem\",\"position\":3,\"name\":\"Moriana (Copia)\"}]},{\"@type\":\"WebSite\",\"@id\":\"https:\\\/\\\/kottabos.it\\\/fr\\\/#website\",\"url\":\"https:\\\/\\\/kottabos.it\\\/fr\\\/\",\"name\":\"Kottabos\",\"description\":\"Craft Beer of Sicily\",\"publisher\":{\"@id\":\"https:\\\/\\\/kottabos.it\\\/fr\\\/#organization\"},\"potentialAction\":[{\"@type\":\"SearchAction\",\"target\":{\"@type\":\"EntryPoint\",\"urlTemplate\":\"https:\\\/\\\/kottabos.it\\\/fr\\\/?s={search_term_string}\"},\"query-input\":{\"@type\":\"PropertyValueSpecification\",\"valueRequired\":true,\"valueName\":\"search_term_string\"}}],\"inLanguage\":\"fr-FR\"},{\"@type\":\"Organization\",\"@id\":\"https:\\\/\\\/kottabos.it\\\/fr\\\/#organization\",\"name\":\"Kottabos\",\"url\":\"https:\\\/\\\/kottabos.it\\\/fr\\\/\",\"logo\":{\"@type\":\"ImageObject\",\"inLanguage\":\"fr-FR\",\"@id\":\"https:\\\/\\\/kottabos.it\\\/fr\\\/#\\\/schema\\\/logo\\\/image\\\/\",\"url\":\"https:\\\/\\\/kottabos.it\\\/wp-content\\\/uploads\\\/2022\\\/03\\\/logo-bianco-kottabos.png\",\"contentUrl\":\"https:\\\/\\\/kottabos.it\\\/wp-content\\\/uploads\\\/2022\\\/03\\\/logo-bianco-kottabos.png\",\"width\":1139,\"height\":984,\"caption\":\"Kottabos\"},\"image\":{\"@id\":\"https:\\\/\\\/kottabos.it\\\/fr\\\/#\\\/schema\\\/logo\\\/image\\\/\"},\"sameAs\":[\"https:\\\/\\\/www.facebook.com\\\/KottabosBirraDiSicilia\",\"https:\\\/\\\/x.com\\\/kottabosBeer\",\"https:\\\/\\\/www.instagram.com\\\/kottabos_sicily\\\/\"]}]}<\/script>\n<!-- \/ Yoast SEO plugin. -->","yoast_head_json":{"title":"Moriana (Copia) - Kottabos","description":"Une bi\u00e8re intrigante et raffin\u00e9e, caract\u00e9ris\u00e9e par des malts torr\u00e9fi\u00e9s et fum\u00e9s sur du bois de h\u00eatre vieilli, avec une mousse intense et fine.","robots":{"index":"index","follow":"follow","max-snippet":"max-snippet:-1","max-image-preview":"max-image-preview:large","max-video-preview":"max-video-preview:-1"},"canonical":"https:\/\/kottabos.it\/fr\/prodotto\/moriana-copia\/","og_locale":"fr_FR","og_type":"article","og_title":"Moriana (Copia) - Kottabos","og_description":"Une bi\u00e8re intrigante et raffin\u00e9e, caract\u00e9ris\u00e9e par des malts torr\u00e9fi\u00e9s et fum\u00e9s sur du bois de h\u00eatre vieilli, avec une mousse intense et fine.","og_url":"https:\/\/kottabos.it\/fr\/prodotto\/moriana-copia\/","og_site_name":"Kottabos","article_publisher":"https:\/\/www.facebook.com\/KottabosBirraDiSicilia","article_modified_time":"2024-09-24T17:23:46+00:00","og_image":[{"width":1200,"height":1200,"url":"https:\/\/kottabos.it\/wp-content\/uploads\/2022\/05\/Moriana.jpg","type":"image\/jpeg"}],"twitter_card":"summary_large_image","twitter_site":"@kottabosBeer","twitter_misc":{"Dur\u00e9e de lecture estim\u00e9e":"1 minute"},"schema":{"@context":"https:\/\/schema.org","@graph":[{"@type":"WebPage","@id":"https:\/\/kottabos.it\/fr\/prodotto\/moriana-copia\/","url":"https:\/\/kottabos.it\/fr\/prodotto\/moriana-copia\/","name":"Moriana (Copia) - Kottabos","isPartOf":{"@id":"https:\/\/kottabos.it\/fr\/#website"},"primaryImageOfPage":{"@id":"https:\/\/kottabos.it\/fr\/prodotto\/moriana-copia\/#primaryimage"},"image":{"@id":"https:\/\/kottabos.it\/fr\/prodotto\/moriana-copia\/#primaryimage"},"thumbnailUrl":"https:\/\/kottabos.it\/wp-content\/uploads\/2022\/05\/Moriana.jpg","datePublished":"2024-09-24T16:45:44+00:00","dateModified":"2024-09-24T17:23:46+00:00","description":"Une bi\u00e8re intrigante et raffin\u00e9e, caract\u00e9ris\u00e9e par des malts torr\u00e9fi\u00e9s et fum\u00e9s sur du bois de h\u00eatre vieilli, avec une mousse intense et fine.","breadcrumb":{"@id":"https:\/\/kottabos.it\/fr\/prodotto\/moriana-copia\/#breadcrumb"},"inLanguage":"fr-FR","potentialAction":[{"@type":"ReadAction","target":["https:\/\/kottabos.it\/fr\/prodotto\/moriana-copia\/"]}]},{"@type":"ImageObject","inLanguage":"fr-FR","@id":"https:\/\/kottabos.it\/fr\/prodotto\/moriana-copia\/#primaryimage","url":"https:\/\/kottabos.it\/wp-content\/uploads\/2022\/05\/Moriana.jpg","contentUrl":"https:\/\/kottabos.it\/wp-content\/uploads\/2022\/05\/Moriana.jpg","width":1200,"height":1200},{"@type":"BreadcrumbList","@id":"https:\/\/kottabos.it\/fr\/prodotto\/moriana-copia\/#breadcrumb","itemListElement":[{"@type":"ListItem","position":1,"name":"Home","item":"https:\/\/kottabos.it\/fr\/"},{"@type":"ListItem","position":2,"name":"Boutique","item":"https:\/\/kottabos.it\/fr\/boutique\/"},{"@type":"ListItem","position":3,"name":"Moriana (Copia)"}]},{"@type":"WebSite","@id":"https:\/\/kottabos.it\/fr\/#website","url":"https:\/\/kottabos.it\/fr\/","name":"Kottabos","description":"Craft Beer of Sicily","publisher":{"@id":"https:\/\/kottabos.it\/fr\/#organization"},"potentialAction":[{"@type":"SearchAction","target":{"@type":"EntryPoint","urlTemplate":"https:\/\/kottabos.it\/fr\/?s={search_term_string}"},"query-input":{"@type":"PropertyValueSpecification","valueRequired":true,"valueName":"search_term_string"}}],"inLanguage":"fr-FR"},{"@type":"Organization","@id":"https:\/\/kottabos.it\/fr\/#organization","name":"Kottabos","url":"https:\/\/kottabos.it\/fr\/","logo":{"@type":"ImageObject","inLanguage":"fr-FR","@id":"https:\/\/kottabos.it\/fr\/#\/schema\/logo\/image\/","url":"https:\/\/kottabos.it\/wp-content\/uploads\/2022\/03\/logo-bianco-kottabos.png","contentUrl":"https:\/\/kottabos.it\/wp-content\/uploads\/2022\/03\/logo-bianco-kottabos.png","width":1139,"height":984,"caption":"Kottabos"},"image":{"@id":"https:\/\/kottabos.it\/fr\/#\/schema\/logo\/image\/"},"sameAs":["https:\/\/www.facebook.com\/KottabosBirraDiSicilia","https:\/\/x.com\/kottabosBeer","https:\/\/www.instagram.com\/kottabos_sicily\/"]}]}},"_links":{"self":[{"href":"https:\/\/kottabos.it\/fr\/wp-json\/wp\/v2\/product\/3625","targetHints":{"allow":["GET"]}}],"collection":[{"href":"https:\/\/kottabos.it\/fr\/wp-json\/wp\/v2\/product"}],"about":[{"href":"https:\/\/kottabos.it\/fr\/wp-json\/wp\/v2\/types\/product"}],"version-history":[{"count":1,"href":"https:\/\/kottabos.it\/fr\/wp-json\/wp\/v2\/product\/3625\/revisions"}],"predecessor-version":[{"id":3766,"href":"https:\/\/kottabos.it\/fr\/wp-json\/wp\/v2\/product\/3625\/revisions\/3766"}],"wp:featuredmedia":[{"embeddable":true,"href":"https:\/\/kottabos.it\/fr\/wp-json\/wp\/v2\/media\/2622"}],"wp:attachment":[{"href":"https:\/\/kottabos.it\/fr\/wp-json\/wp\/v2\/media?parent=3625"}],"wp:term":[{"taxonomy":"product_brand","embeddable":true,"href":"https:\/\/kottabos.it\/fr\/wp-json\/wp\/v2\/product_brand?post=3625"},{"taxonomy":"product_cat","embeddable":true,"href":"https:\/\/kottabos.it\/fr\/wp-json\/wp\/v2\/product_cat?post=3625"},{"taxonomy":"product_tag","embeddable":true,"href":"https:\/\/kottabos.it\/fr\/wp-json\/wp\/v2\/product_tag?post=3625"}],"curies":[{"name":"wp","href":"https:\/\/api.w.org\/{rel}","templated":true}]}}